{"id":236,"date":"2019-12-06T16:58:41","date_gmt":"2019-12-06T15:58:41","guid":{"rendered":"https:\/\/asiemut-paris.org\/?page_id=236"},"modified":"2022-09-15T15:53:14","modified_gmt":"2022-09-15T13:53:14","slug":"politique-de-confidentialite","status":"publish","type":"page","link":"https:\/\/asiemut-paris.org\/?page_id=236","title":{"rendered":"Politique de confidentialit\u00e9"},"content":{"rendered":"\t\t<div data-elementor-type=\"wp-page\" data-elementor-id=\"236\" class=\"elementor elementor-236\" data-elementor-post-type=\"page\">\n\t\t\t\t\t\t<section class=\"elementor-section elementor-top-section elementor-element elementor-element-a0148eb elementor-section-full_width elementor-section-height-default elementor-section-height-default\" data-id=\"a0148eb\" data-element_type=\"section\" data-e-type=\"section\" data-settings=\"{&quot;background_background&quot;:&quot;classic&quot;}\">\n\t\t\t\t\t\t<div class=\"elementor-container elementor-column-gap-default\">\n\t\t\t\t\t<div class=\"elementor-column elementor-col-100 elementor-top-column elementor-element elementor-element-87b84f3\" data-id=\"87b84f3\" data-element_type=\"column\" data-e-type=\"column\">\n\t\t\t<div class=\"elementor-widget-wrap elementor-element-populated\">\n\t\t\t\t\t\t<div class=\"elementor-element elementor-element-e3f685b elementor-widget elementor-widget-spacer\" data-id=\"e3f685b\" data-element_type=\"widget\" data-e-type=\"widget\" data-widget_type=\"spacer.default\">\n\t\t\t\t<div class=\"elementor-widget-container\">\n\t\t\t\t\t\t\t<div class=\"elementor-spacer\">\n\t\t\t<div class=\"elementor-spacer-inner\"><\/div>\n\t\t<\/div>\n\t\t\t\t\t\t<\/div>\n\t\t\t\t<\/div>\n\t\t\t\t<section class=\"elementor-section elementor-inner-section elementor-element elementor-element-fd112fc elementor-section-boxed elementor-section-height-default elementor-section-height-default\" data-id=\"fd112fc\" data-element_type=\"section\" data-e-type=\"section\">\n\t\t\t\t\t\t<div class=\"elementor-container elementor-column-gap-default\">\n\t\t\t\t\t<div class=\"elementor-column elementor-col-100 elementor-inner-column elementor-element elementor-element-0e52696\" data-id=\"0e52696\" data-element_type=\"column\" data-e-type=\"column\">\n\t\t\t<div class=\"elementor-widget-wrap elementor-element-populated\">\n\t\t\t\t\t\t<div class=\"elementor-element elementor-element-d4ea960 elementor-widget elementor-widget-text-editor\" data-id=\"d4ea960\" data-element_type=\"widget\" data-e-type=\"widget\" data-widget_type=\"text-editor.default\">\n\t\t\t\t<div class=\"elementor-widget-container\">\n\t\t\t\t\t\t\t\t\t<p>Politique de confidentialit\u00e9<\/p>\t\t\t\t\t\t\t\t<\/div>\n\t\t\t\t<\/div>\n\t\t\t\t\t<\/div>\n\t\t<\/div>\n\t\t\t\t\t<\/div>\n\t\t<\/section>\n\t\t\t\t<div class=\"elementor-element elementor-element-9cf45fc elementor-widget elementor-widget-spacer\" data-id=\"9cf45fc\" data-element_type=\"widget\" data-e-type=\"widget\" data-widget_type=\"spacer.default\">\n\t\t\t\t<div class=\"elementor-widget-container\">\n\t\t\t\t\t\t\t<div class=\"elementor-spacer\">\n\t\t\t<div class=\"elementor-spacer-inner\"><\/div>\n\t\t<\/div>\n\t\t\t\t\t\t<\/div>\n\t\t\t\t<\/div>\n\t\t\t\t\t<\/div>\n\t\t<\/div>\n\t\t\t\t\t<\/div>\n\t\t<\/section>\n\t\t\t\t<section class=\"elementor-section elementor-top-section elementor-element elementor-element-b3df71a elementor-section-boxed elementor-section-height-default elementor-section-height-default\" data-id=\"b3df71a\" data-element_type=\"section\" data-e-type=\"section\">\n\t\t\t\t\t\t<div class=\"elementor-container elementor-column-gap-default\">\n\t\t\t\t\t<div class=\"elementor-column elementor-col-100 elementor-top-column elementor-element elementor-element-f650aa5\" data-id=\"f650aa5\" data-element_type=\"column\" data-e-type=\"column\">\n\t\t\t<div class=\"elementor-widget-wrap elementor-element-populated\">\n\t\t\t\t\t\t<div class=\"elementor-element elementor-element-f723214 elementor-widget elementor-widget-text-editor\" data-id=\"f723214\" data-element_type=\"widget\" data-e-type=\"widget\" data-widget_type=\"text-editor.default\">\n\t\t\t\t<div class=\"elementor-widget-container\">\n\t\t\t\t\t\t\t\t\t<h3>Condition de collecte<\/h3>\t\t\t\t\t\t\t\t<\/div>\n\t\t\t\t<\/div>\n\t\t\t\t<section class=\"elementor-section elementor-inner-section elementor-element elementor-element-5f462be elementor-section-boxed elementor-section-height-default elementor-section-height-default\" data-id=\"5f462be\" data-element_type=\"section\" data-e-type=\"section\">\n\t\t\t\t\t\t<div class=\"elementor-container elementor-column-gap-default\">\n\t\t\t\t\t<div class=\"elementor-column elementor-col-100 elementor-inner-column elementor-element elementor-element-36bbcf4\" data-id=\"36bbcf4\" data-element_type=\"column\" data-e-type=\"column\">\n\t\t\t<div class=\"elementor-widget-wrap elementor-element-populated\">\n\t\t\t\t\t\t<div class=\"elementor-element elementor-element-e06adbc elementor-widget elementor-widget-text-editor\" data-id=\"e06adbc\" data-element_type=\"widget\" data-e-type=\"widget\" data-widget_type=\"text-editor.default\">\n\t\t\t\t<div class=\"elementor-widget-container\">\n\t\t\t\t\t\t\t\t\t<p><span style=\"color: #000000; letter-spacing: 0.4px; text-align: justify;\">Les donn\u00e9es \u00e0 caract\u00e8re personnel sont des donn\u00e9es qui vous sont propres et qui nous permettent de vous identifier : noms, pr\u00e9noms, coordonn\u00e9es, t\u00e9l\u00e9phone, adresse, date de naissance. Lors de la visite de notre site, vous \u00eates susceptibles de nous fournir un certain nombre de donn\u00e9es personnelles vous concernant destin\u00e9es \u00e0 r\u00e9pondre \u00e0 vos demandes d\u2019informations : nom, pr\u00e9nom, num\u00e9ro de t\u00e9l\u00e9phone et adresse mail. La collecte de ces donn\u00e9es n\u2019a lieu que lorsque vous les communiquez de fa\u00e7on volontaire.<\/span><\/p>\t\t\t\t\t\t\t\t<\/div>\n\t\t\t\t<\/div>\n\t\t\t\t<div class=\"elementor-element elementor-element-487da8f elementor-widget elementor-widget-text-editor\" data-id=\"487da8f\" data-element_type=\"widget\" data-e-type=\"widget\" data-widget_type=\"text-editor.default\">\n\t\t\t\t<div class=\"elementor-widget-container\">\n\t\t\t\t\t\t\t\t\t<h3>Finalit\u00e9s de traitement<\/h3>\t\t\t\t\t\t\t\t<\/div>\n\t\t\t\t<\/div>\n\t\t\t\t<div class=\"elementor-element elementor-element-5c709d7 elementor-widget elementor-widget-text-editor\" data-id=\"5c709d7\" data-element_type=\"widget\" data-e-type=\"widget\" data-widget_type=\"text-editor.default\">\n\t\t\t\t<div class=\"elementor-widget-container\">\n\t\t\t\t\t\t\t\t\t<p><span style=\"color: #000000; letter-spacing: 0.4px; text-align: justify;\">Les donn\u00e9es personnelles collect\u00e9es sont destin\u00e9es \u00e0 r\u00e9pondre \u00e0 vos demandes d\u2019informations et \u00e0 vous recontacter le cas \u00e9ch\u00e9ant. Vos donn\u00e9es ne seront utilis\u00e9es \u00e0 des fins de prospection commerciale directe qu\u2019avec l\u2019obtention d\u2019un consentement expr\u00e8s et pr\u00e9alable de votre part.<\/span><\/p>\t\t\t\t\t\t\t\t<\/div>\n\t\t\t\t<\/div>\n\t\t\t\t<div class=\"elementor-element elementor-element-805f0d1 elementor-widget elementor-widget-text-editor\" data-id=\"805f0d1\" data-element_type=\"widget\" data-e-type=\"widget\" data-widget_type=\"text-editor.default\">\n\t\t\t\t<div class=\"elementor-widget-container\">\n\t\t\t\t\t\t\t\t\t<h3>Dur\u00e9e de conservation\u00a0<\/h3>\t\t\t\t\t\t\t\t<\/div>\n\t\t\t\t<\/div>\n\t\t\t\t<div class=\"elementor-element elementor-element-e0150f9 elementor-widget elementor-widget-text-editor\" data-id=\"e0150f9\" data-element_type=\"widget\" data-e-type=\"widget\" data-widget_type=\"text-editor.default\">\n\t\t\t\t<div class=\"elementor-widget-container\">\n\t\t\t\t\t\t\t\t\t<p><span style=\"color: #000000; letter-spacing: 0.4px; text-align: justify;\">ASIEMUT s\u2019engage \u00e0 conserver ces donn\u00e9es personnelles pour une dur\u00e9e maximale de 1 an \u00e0 compter du dernier contact avec l\u2019utilisateur, sauf obligation l\u00e9gale ou r\u00e9glementaire contraire, ou autorisation expresse de l&rsquo;utilisateur. \u00c0 l\u2019issue de cette dur\u00e9e ou en cas d\u2019exercice de ses droits par les utilisateurs, les donn\u00e9es et copies d\u00e9tenues par ASIEMUT seront d\u00e9truites.<\/span><\/p>\t\t\t\t\t\t\t\t<\/div>\n\t\t\t\t<\/div>\n\t\t\t\t<div class=\"elementor-element elementor-element-ed79b7d elementor-widget elementor-widget-text-editor\" data-id=\"ed79b7d\" data-element_type=\"widget\" data-e-type=\"widget\" data-widget_type=\"text-editor.default\">\n\t\t\t\t<div class=\"elementor-widget-container\">\n\t\t\t\t\t\t\t\t\t<h3>S\u00e9curit\u00e9<\/h3>\t\t\t\t\t\t\t\t<\/div>\n\t\t\t\t<\/div>\n\t\t\t\t<div class=\"elementor-element elementor-element-11413f9 elementor-widget elementor-widget-text-editor\" data-id=\"11413f9\" data-element_type=\"widget\" data-e-type=\"widget\" data-widget_type=\"text-editor.default\">\n\t\t\t\t<div class=\"elementor-widget-container\">\n\t\t\t\t\t\t\t\t\t<p><span style=\"color: #000000; letter-spacing: 0.4px; text-align: justify;\">Nous mettons en \u0153uvre toutes les mesures de s\u00e9curit\u00e9 n\u00e9cessaires pour prot\u00e9ger ASIEMUT ainsi que nos utilisateurs contre tout acc\u00e8s et toute modification, divulgation ou destruction non autoris\u00e9s des donn\u00e9es que nous d\u00e9tenons.<\/span><\/p>\t\t\t\t\t\t\t\t<\/div>\n\t\t\t\t<\/div>\n\t\t\t\t<div class=\"elementor-element elementor-element-9ed3f81 elementor-widget elementor-widget-text-editor\" data-id=\"9ed3f81\" data-element_type=\"widget\" data-e-type=\"widget\" data-widget_type=\"text-editor.default\">\n\t\t\t\t<div class=\"elementor-widget-container\">\n\t\t\t\t\t\t\t\t\t<h3>Vos droits\u00a0<\/h3>\t\t\t\t\t\t\t\t<\/div>\n\t\t\t\t<\/div>\n\t\t\t\t<div class=\"elementor-element elementor-element-40f1f0b elementor-widget elementor-widget-text-editor\" data-id=\"40f1f0b\" data-element_type=\"widget\" data-e-type=\"widget\" data-widget_type=\"text-editor.default\">\n\t\t\t\t<div class=\"elementor-widget-container\">\n\t\t\t\t\t\t\t\t\t<p style=\"letter-spacing: 0.4px; text-align: justify;\"><span style=\"color: #000000;\">Conform\u00e9ment aux dispositions l\u00e9gales sur la protection des donn\u00e9es \u00e0 caract\u00e8re personnel, vous disposez d\u2019un droit d\u2019acc\u00e8s, de rectification et d\u2019opposition au traitement de vos donn\u00e9es \u00e0 caract\u00e8re personnel. Ces droits peuvent \u00eatre exerc\u00e9s par demande courrier \u00e0 l\u2019adresse suivante :<\/span><\/p><p style=\"letter-spacing: 0.4px;\"><span style=\"color: #000000;\">F\u00e9d\u00e9ration ASIEMUT<\/span><br \/><span style=\"color: #000000;\">10 rue du Buisson Saint-Louis,<\/span><br \/><span style=\"color: #000000;\">75010 Paris<\/span><\/p><p style=\"letter-spacing: 0.4px;\"><span style=\"color: #000000;\">ou par mail sur : asiemut@asiemut-paris.org<\/span><\/p>\t\t\t\t\t\t\t\t<\/div>\n\t\t\t\t<\/div>\n\t\t\t\t<div class=\"elementor-element elementor-element-cce6ff1 elementor-widget elementor-widget-text-editor\" data-id=\"cce6ff1\" data-element_type=\"widget\" data-e-type=\"widget\" data-widget_type=\"text-editor.default\">\n\t\t\t\t<div class=\"elementor-widget-container\">\n\t\t\t\t\t\t\t\t\t<h3 class=\"elementor-heading-title elementor-size-default elementor-inline-editing pen\" contenteditable=\"true\" data-elementor-setting-key=\"title\" data-pen-placeholder=\"Type Here...\">CONFIDENTIALIT\u00c9\u200b<\/h3>\t\t\t\t\t\t\t\t<\/div>\n\t\t\t\t<\/div>\n\t\t\t\t<div class=\"elementor-element elementor-element-2a73b70 elementor-widget elementor-widget-text-editor\" data-id=\"2a73b70\" data-element_type=\"widget\" data-e-type=\"widget\" data-widget_type=\"text-editor.default\">\n\t\t\t\t<div class=\"elementor-widget-container\">\n\t\t\t\t\t\t\t\t\t<p style=\"letter-spacing: 0.4px; text-align: justify;\"><span style=\"color: #000000; letter-spacing: 0.4px;\">ASIEMUT garantit la confidentialit\u00e9 des donn\u00e9es personnelles trait\u00e9es et veille \u00e0 ce que les personnes autoris\u00e9es \u00e0 traiter lesdites donn\u00e9es personnelles s\u2019engagent \u00e9galement \u00e0 respecter cette obligation de confidentialit\u00e9.<\/span><\/p>\t\t\t\t\t\t\t\t<\/div>\n\t\t\t\t<\/div>\n\t\t\t\t\t<\/div>\n\t\t<\/div>\n\t\t\t\t\t<\/div>\n\t\t<\/section>\n\t\t\t\t\t<\/div>\n\t\t<\/div>\n\t\t\t\t\t<\/div>\n\t\t<\/section>\n\t\t\t\t<\/div>\n\t\t","protected":false},"excerpt":{"rendered":"<p>Politique de confidentialit\u00e9 Condition de collecte Les donn\u00e9es \u00e0 caract\u00e8re personnel sont des donn\u00e9es qui vous sont propres et qui nous permettent de vous identifier : noms, pr\u00e9noms, coordonn\u00e9es, t\u00e9l\u00e9phone, adresse, date de naissance. Lors de la visite de notre site, vous \u00eates susceptibles de nous fournir un certain nombre de donn\u00e9es personnelles vous concernant [&hellip;]<\/p>\n","protected":false},"author":2,"featured_media":0,"parent":0,"menu_order":0,"comment_status":"closed","ping_status":"closed","template":"elementor_header_footer","meta":{"_monsterinsights_skip_tracking":false,"_monsterinsights_sitenote_active":false,"_monsterinsights_sitenote_note":"","_monsterinsights_sitenote_category":0,"footnotes":""},"class_list":["post-236","page","type-page","status-publish","hentry"],"_links":{"self":[{"href":"https:\/\/asiemut-paris.org\/index.php?rest_route=\/wp\/v2\/pages\/236","targetHints":{"allow":["GET"]}}],"collection":[{"href":"https:\/\/asiemut-paris.org\/index.php?rest_route=\/wp\/v2\/pages"}],"about":[{"href":"https:\/\/asiemut-paris.org\/index.php?rest_route=\/wp\/v2\/types\/page"}],"author":[{"embeddable":true,"href":"https:\/\/asiemut-paris.org\/index.php?rest_route=\/wp\/v2\/users\/2"}],"replies":[{"embeddable":true,"href":"https:\/\/asiemut-paris.org\/index.php?rest_route=%2Fwp%2Fv2%2Fcomments&post=236"}],"version-history":[{"count":35,"href":"https:\/\/asiemut-paris.org\/index.php?rest_route=\/wp\/v2\/pages\/236\/revisions"}],"predecessor-version":[{"id":2472,"href":"https:\/\/asiemut-paris.org\/index.php?rest_route=\/wp\/v2\/pages\/236\/revisions\/2472"}],"wp:attachment":[{"href":"https:\/\/asiemut-paris.org\/index.php?rest_route=%2Fwp%2Fv2%2Fmedia&parent=236"}],"curies":[{"name":"wp","href":"https:\/\/api.w.org\/{rel}","templated":true}]}}