{"id":103,"date":"2019-01-23T13:07:22","date_gmt":"2019-01-23T12:07:22","guid":{"rendered":"https:\/\/asiemut-paris.org\/?page_id=103"},"modified":"2024-10-01T11:24:03","modified_gmt":"2024-10-01T09:24:03","slug":"la-galerie","status":"publish","type":"page","link":"https:\/\/asiemut-paris.org\/?page_id=103","title":{"rendered":"La Galerie"},"content":{"rendered":"\t\t<div data-elementor-type=\"wp-post\" data-elementor-id=\"103\" class=\"elementor elementor-103\" data-elementor-post-type=\"page\">\n\t\t\t\t\t\t<section class=\"elementor-section elementor-top-section elementor-element elementor-element-a80bd82 elementor-section-full_width elementor-section-height-min-height elementor-section-height-default elementor-section-items-middle\" data-id=\"a80bd82\" data-element_type=\"section\" data-e-type=\"section\" data-settings=\"{&quot;background_background&quot;:&quot;classic&quot;}\">\n\t\t\t\t\t\t\t<div class=\"elementor-background-overlay\"><\/div>\n\t\t\t\t\t\t\t<div class=\"elementor-container elementor-column-gap-default\">\n\t\t\t\t\t<div class=\"elementor-column elementor-col-100 elementor-top-column elementor-element elementor-element-b1157c8\" data-id=\"b1157c8\" data-element_type=\"column\" data-e-type=\"column\">\n\t\t\t<div class=\"elementor-widget-wrap elementor-element-populated\">\n\t\t\t\t\t\t<section class=\"elementor-section elementor-inner-section elementor-element elementor-element-39eb51a elementor-section-boxed elementor-section-height-default elementor-section-height-default\" data-id=\"39eb51a\" data-element_type=\"section\" data-e-type=\"section\">\n\t\t\t\t\t\t<div class=\"elementor-container elementor-column-gap-default\">\n\t\t\t\t\t<div class=\"elementor-column elementor-col-100 elementor-inner-column elementor-element elementor-element-a7096ec\" data-id=\"a7096ec\" data-element_type=\"column\" data-e-type=\"column\">\n\t\t\t<div class=\"elementor-widget-wrap elementor-element-populated\">\n\t\t\t\t\t\t<div class=\"elementor-element elementor-element-b48b45b elementor-widget elementor-widget-text-editor\" data-id=\"b48b45b\" data-element_type=\"widget\" data-e-type=\"widget\" data-widget_type=\"text-editor.default\">\n\t\t\t\t<div class=\"elementor-widget-container\">\n\t\t\t\t\t\t\t\t\t<p>La Galerie<\/p>\t\t\t\t\t\t\t\t<\/div>\n\t\t\t\t<\/div>\n\t\t\t\t\t<\/div>\n\t\t<\/div>\n\t\t\t\t\t<\/div>\n\t\t<\/section>\n\t\t\t\t\t<\/div>\n\t\t<\/div>\n\t\t\t\t\t<\/div>\n\t\t<\/section>\n\t\t\t\t<section class=\"elementor-section elementor-top-section elementor-element elementor-element-5d4dd06 galerie1 elementor-section-boxed elementor-section-height-default elementor-section-height-default\" data-id=\"5d4dd06\" data-element_type=\"section\" data-e-type=\"section\">\n\t\t\t\t\t\t<div class=\"elementor-container elementor-column-gap-default\">\n\t\t\t\t\t<div class=\"elementor-column elementor-col-100 elementor-top-column elementor-element elementor-element-6b5ab69\" data-id=\"6b5ab69\" data-element_type=\"column\" data-e-type=\"column\">\n\t\t\t<div class=\"elementor-widget-wrap elementor-element-populated\">\n\t\t\t\t\t\t<div class=\"elementor-element elementor-element-ba2037b elementor-widget elementor-widget-spacer\" data-id=\"ba2037b\" data-element_type=\"widget\" data-e-type=\"widget\" data-widget_type=\"spacer.default\">\n\t\t\t\t<div class=\"elementor-widget-container\">\n\t\t\t\t\t\t\t<div class=\"elementor-spacer\">\n\t\t\t<div class=\"elementor-spacer-inner\"><\/div>\n\t\t<\/div>\n\t\t\t\t\t\t<\/div>\n\t\t\t\t<\/div>\n\t\t\t\t<section class=\"elementor-section elementor-inner-section elementor-element elementor-element-2451c43 elementor-section-full_width elementor-section-height-default elementor-section-height-default\" data-id=\"2451c43\" data-element_type=\"section\" data-e-type=\"section\">\n\t\t\t\t\t\t<div class=\"elementor-container elementor-column-gap-default\">\n\t\t\t\t\t<div class=\"elementor-column elementor-col-50 elementor-inner-column elementor-element elementor-element-355a8e7\" data-id=\"355a8e7\" data-element_type=\"column\" data-e-type=\"column\">\n\t\t\t<div class=\"elementor-widget-wrap elementor-element-populated\">\n\t\t\t\t\t\t<div class=\"elementor-element elementor-element-f8883fe elementor-widget elementor-widget-text-editor\" data-id=\"f8883fe\" data-element_type=\"widget\" data-e-type=\"widget\" data-widget_type=\"text-editor.default\">\n\t\t\t\t<div class=\"elementor-widget-container\">\n\t\t\t\t\t\t\t\t\t<p>Nous avons cr\u00e9\u00e9 la galerie de rue d\u2019ASIEMUT en 2018, avec la volont\u00e9 de mettre en place un lieu d\u2019\u00e9change culturel franco-asiatique, en plein c\u0153ur du quartier Belleville. Ce projet se situe dans le prolongement de nos actions en faveur des migrants asiatiques par la promotion d\u2019initiatives culturelles mais a \u00e9galement \u00e0 c\u0153ur de participer \u00e0 la revitalisation du quartier.<\/p>\t\t\t\t\t\t\t\t<\/div>\n\t\t\t\t<\/div>\n\t\t\t\t\t<\/div>\n\t\t<\/div>\n\t\t\t\t<div class=\"elementor-column elementor-col-50 elementor-inner-column elementor-element elementor-element-b59e0f3\" data-id=\"b59e0f3\" data-element_type=\"column\" data-e-type=\"column\">\n\t\t\t<div class=\"elementor-widget-wrap elementor-element-populated\">\n\t\t\t\t\t\t<div class=\"elementor-element elementor-element-1ac535b elementor-widget elementor-widget-image\" data-id=\"1ac535b\" data-element_type=\"widget\" data-e-type=\"widget\" data-widget_type=\"image.default\">\n\t\t\t\t<div class=\"elementor-widget-container\">\n\t\t\t\t\t\t\t\t\t\t\t\t\t\t\t<img fetchpriority=\"high\" decoding=\"async\" width=\"2560\" height=\"1440\" src=\"https:\/\/asiemut-paris.org\/wp-content\/uploads\/2022\/09\/DSC05092-scaled.jpg\" class=\"attachment-full size-full wp-image-2360\" alt=\"\" srcset=\"https:\/\/asiemut-paris.org\/wp-content\/uploads\/2022\/09\/DSC05092-scaled.jpg 2560w, https:\/\/asiemut-paris.org\/wp-content\/uploads\/2022\/09\/DSC05092-300x169.jpg 300w, https:\/\/asiemut-paris.org\/wp-content\/uploads\/2022\/09\/DSC05092-1024x576.jpg 1024w, https:\/\/asiemut-paris.org\/wp-content\/uploads\/2022\/09\/DSC05092-768x432.jpg 768w, https:\/\/asiemut-paris.org\/wp-content\/uploads\/2022\/09\/DSC05092-1536x864.jpg 1536w, https:\/\/asiemut-paris.org\/wp-content\/uploads\/2022\/09\/DSC05092-2048x1152.jpg 2048w\" sizes=\"(max-width: 2560px) 100vw, 2560px\" \/>\t\t\t\t\t\t\t\t\t\t\t\t\t\t\t<\/div>\n\t\t\t\t<\/div>\n\t\t\t\t\t<\/div>\n\t\t<\/div>\n\t\t\t\t\t<\/div>\n\t\t<\/section>\n\t\t\t\t<div class=\"elementor-element elementor-element-acb6e6e elementor-widget elementor-widget-spacer\" data-id=\"acb6e6e\" data-element_type=\"widget\" data-e-type=\"widget\" data-widget_type=\"spacer.default\">\n\t\t\t\t<div class=\"elementor-widget-container\">\n\t\t\t\t\t\t\t<div class=\"elementor-spacer\">\n\t\t\t<div class=\"elementor-spacer-inner\"><\/div>\n\t\t<\/div>\n\t\t\t\t\t\t<\/div>\n\t\t\t\t<\/div>\n\t\t\t\t\t<\/div>\n\t\t<\/div>\n\t\t\t\t\t<\/div>\n\t\t<\/section>\n\t\t\t\t<section class=\"elementor-section elementor-top-section elementor-element elementor-element-28f1329 galerie2 elementor-section-boxed elementor-section-height-default elementor-section-height-default\" data-id=\"28f1329\" data-element_type=\"section\" data-e-type=\"section\">\n\t\t\t\t\t\t<div class=\"elementor-container elementor-column-gap-default\">\n\t\t\t\t\t<div class=\"elementor-column elementor-col-50 elementor-top-column elementor-element elementor-element-aa8e67c\" data-id=\"aa8e67c\" data-element_type=\"column\" data-e-type=\"column\">\n\t\t\t<div class=\"elementor-widget-wrap elementor-element-populated\">\n\t\t\t\t\t\t<div class=\"elementor-element elementor-element-4efcd4e elementor-widget elementor-widget-image\" data-id=\"4efcd4e\" data-element_type=\"widget\" data-e-type=\"widget\" data-widget_type=\"image.default\">\n\t\t\t\t<div class=\"elementor-widget-container\">\n\t\t\t\t\t\t\t\t\t\t\t\t\t\t\t<img decoding=\"async\" width=\"1394\" height=\"1708\" src=\"https:\/\/asiemut-paris.org\/wp-content\/uploads\/2022\/08\/galeria-2@2x-1.png\" class=\"elementor-animation-sink attachment-full size-full wp-image-505\" alt=\"\" srcset=\"https:\/\/asiemut-paris.org\/wp-content\/uploads\/2022\/08\/galeria-2@2x-1.png 1394w, https:\/\/asiemut-paris.org\/wp-content\/uploads\/2022\/08\/galeria-2@2x-1-245x300.png 245w, https:\/\/asiemut-paris.org\/wp-content\/uploads\/2022\/08\/galeria-2@2x-1-836x1024.png 836w, https:\/\/asiemut-paris.org\/wp-content\/uploads\/2022\/08\/galeria-2@2x-1-768x941.png 768w, https:\/\/asiemut-paris.org\/wp-content\/uploads\/2022\/08\/galeria-2@2x-1-1254x1536.png 1254w, https:\/\/asiemut-paris.org\/wp-content\/uploads\/2022\/08\/galeria-2@2x-1-1024x1255.png 1024w, https:\/\/asiemut-paris.org\/wp-content\/uploads\/2022\/08\/galeria-2@2x-1-881x1080.png 881w\" sizes=\"(max-width: 1394px) 100vw, 1394px\" \/>\t\t\t\t\t\t\t\t\t\t\t\t\t\t\t<\/div>\n\t\t\t\t<\/div>\n\t\t\t\t\t<\/div>\n\t\t<\/div>\n\t\t\t\t<div class=\"elementor-column elementor-col-50 elementor-top-column elementor-element elementor-element-a512feb\" data-id=\"a512feb\" data-element_type=\"column\" data-e-type=\"column\">\n\t\t\t<div class=\"elementor-widget-wrap elementor-element-populated\">\n\t\t\t\t\t\t<div class=\"elementor-element elementor-element-b185d61 elementor-widget elementor-widget-heading\" data-id=\"b185d61\" data-element_type=\"widget\" data-e-type=\"widget\" data-widget_type=\"heading.default\">\n\t\t\t\t<div class=\"elementor-widget-container\">\n\t\t\t\t\t<h2 class=\"elementor-heading-title elementor-size-default\"><h2>Nos ambitions: <h2 \/><\/h2>\t\t\t\t<\/div>\n\t\t\t\t<\/div>\n\t\t\t\t<section class=\"elementor-section elementor-inner-section elementor-element elementor-element-f189ef6 elementor-section-boxed elementor-section-height-default elementor-section-height-default\" data-id=\"f189ef6\" data-element_type=\"section\" data-e-type=\"section\">\n\t\t\t\t\t\t<div class=\"elementor-container elementor-column-gap-default\">\n\t\t\t\t\t<div class=\"elementor-column elementor-col-100 elementor-inner-column elementor-element elementor-element-3a7c5d7\" data-id=\"3a7c5d7\" data-element_type=\"column\" data-e-type=\"column\">\n\t\t\t<div class=\"elementor-widget-wrap elementor-element-populated\">\n\t\t\t\t\t\t<div class=\"elementor-element elementor-element-aaee339 elementor-widget elementor-widget-text-editor\" data-id=\"aaee339\" data-element_type=\"widget\" data-e-type=\"widget\" data-widget_type=\"text-editor.default\">\n\t\t\t\t<div class=\"elementor-widget-container\">\n\t\t\t\t\t\t\t\t\t<ul><li>Mettre \u00e0 la disposition permanente de la communaut\u00e9 asiatique un lieu susceptible d\u2019accueillir des manifestations \u00e0 caract\u00e8re socio-culturel et artistique : une galerie d\u2019exposition, mais aussi, dans le futur, d\u2019autres \u00e9v\u00e9nements culturels<\/li><\/ul><p>\u00a0<\/p><ul><li>Participer \u00e0 animer, dynamiser et revaloriser un quartier aussi multiculturel que celui de Belleville en donnant acc\u00e8s libre \u00e0 la galerie et \u00e0 nos 25 m\u00e8tres de vitrine \u00e0 tous les passants, usagers et r\u00e9sidents du quartier<\/li><\/ul><p>\u00a0<\/p><ul><li>Mettre en lumi\u00e8re et promouvoir les \u0153uvres d\u2019artistes ayant un lien avec l\u2019Asie ou originaires du quartier, notamment des jeunes artistes soutenus par la Ville de Paris<\/li><\/ul>\t\t\t\t\t\t\t\t<\/div>\n\t\t\t\t<\/div>\n\t\t\t\t\t<\/div>\n\t\t<\/div>\n\t\t\t\t\t<\/div>\n\t\t<\/section>\n\t\t\t\t\t<\/div>\n\t\t<\/div>\n\t\t\t\t\t<\/div>\n\t\t<\/section>\n\t\t\t\t<section class=\"elementor-section elementor-top-section elementor-element elementor-element-956b07d elementor-section-boxed elementor-section-height-default elementor-section-height-default\" data-id=\"956b07d\" data-element_type=\"section\" data-e-type=\"section\">\n\t\t\t\t\t\t<div class=\"elementor-container elementor-column-gap-default\">\n\t\t\t\t\t<div class=\"elementor-column elementor-col-100 elementor-top-column elementor-element elementor-element-4e4a380\" data-id=\"4e4a380\" data-element_type=\"column\" data-e-type=\"column\">\n\t\t\t<div class=\"elementor-widget-wrap elementor-element-populated\">\n\t\t\t\t\t\t<div class=\"elementor-element elementor-element-7d181ec elementor-widget elementor-widget-spacer\" data-id=\"7d181ec\" data-element_type=\"widget\" data-e-type=\"widget\" data-widget_type=\"spacer.default\">\n\t\t\t\t<div class=\"elementor-widget-container\">\n\t\t\t\t\t\t\t<div class=\"elementor-spacer\">\n\t\t\t<div class=\"elementor-spacer-inner\"><\/div>\n\t\t<\/div>\n\t\t\t\t\t\t<\/div>\n\t\t\t\t<\/div>\n\t\t\t\t<div class=\"elementor-element elementor-element-f492445 elementor-widget elementor-widget-text-editor\" data-id=\"f492445\" data-element_type=\"widget\" data-e-type=\"widget\" data-widget_type=\"text-editor.default\">\n\t\t\t\t<div class=\"elementor-widget-container\">\n\t\t\t\t\t\t\t\t\t<p>La galerie accueille des expositions d\u2019artistes en lien avec le th\u00e8me de l\u2019Asie, principalement asiatiques mais sans exclusivit\u00e9. Les \u0153uvres sont expos\u00e9es dans les vitrines de nos locaux mais aussi parfois en int\u00e9rieur.<\/p>\t\t\t\t\t\t\t\t<\/div>\n\t\t\t\t<\/div>\n\t\t\t\t<div class=\"elementor-element elementor-element-102113c elementor-widget elementor-widget-spacer\" data-id=\"102113c\" data-element_type=\"widget\" data-e-type=\"widget\" data-widget_type=\"spacer.default\">\n\t\t\t\t<div class=\"elementor-widget-container\">\n\t\t\t\t\t\t\t<div class=\"elementor-spacer\">\n\t\t\t<div class=\"elementor-spacer-inner\"><\/div>\n\t\t<\/div>\n\t\t\t\t\t\t<\/div>\n\t\t\t\t<\/div>\n\t\t\t\t\t<\/div>\n\t\t<\/div>\n\t\t\t\t\t<\/div>\n\t\t<\/section>\n\t\t\t\t<section class=\"elementor-section elementor-top-section elementor-element elementor-element-4b4e2d4 elementor-section-boxed elementor-section-height-default elementor-section-height-default\" data-id=\"4b4e2d4\" data-element_type=\"section\" data-e-type=\"section\">\n\t\t\t\t\t\t<div class=\"elementor-container elementor-column-gap-default\">\n\t\t\t\t\t<div class=\"elementor-column elementor-col-50 elementor-top-column elementor-element elementor-element-37721c8\" data-id=\"37721c8\" data-element_type=\"column\" data-e-type=\"column\">\n\t\t\t<div class=\"elementor-widget-wrap elementor-element-populated\">\n\t\t\t\t\t\t<div class=\"elementor-element elementor-element-2db202d elementor-widget elementor-widget-heading\" data-id=\"2db202d\" data-element_type=\"widget\" data-e-type=\"widget\" data-widget_type=\"heading.default\">\n\t\t\t\t<div class=\"elementor-widget-container\">\n\t\t\t\t\t<h3 class=\"elementor-heading-title elementor-size-default\"><h4>Visitez notre galerie !<h4 \/><\/h3>\t\t\t\t<\/div>\n\t\t\t\t<\/div>\n\t\t\t\t<div class=\"elementor-element elementor-element-bd52f02 elementor-widget elementor-widget-text-editor\" data-id=\"bd52f02\" data-element_type=\"widget\" data-e-type=\"widget\" data-widget_type=\"text-editor.default\">\n\t\t\t\t<div class=\"elementor-widget-container\">\n\t\t\t\t\t\t\t\t\t<p>Vous pouvez les retrouver au :<\/p><p>\u00a0<\/p><p>10 et 12 rue du Buisson Saint-Louis 75010 Paris<\/p><p>\u00a0<\/p><p>La galerie est ouverte \u00e0 tous et vous pouvez acc\u00e9der librement \u00e0 toutes les \u0153uvres !<\/p><p>\u00a0<\/p>\t\t\t\t\t\t\t\t<\/div>\n\t\t\t\t<\/div>\n\t\t\t\t\t<\/div>\n\t\t<\/div>\n\t\t\t\t<div class=\"elementor-column elementor-col-50 elementor-top-column elementor-element elementor-element-63d6550\" data-id=\"63d6550\" data-element_type=\"column\" data-e-type=\"column\" data-settings=\"{&quot;background_background&quot;:&quot;classic&quot;}\">\n\t\t\t<div class=\"elementor-widget-wrap elementor-element-populated\">\n\t\t\t\t\t\t<div class=\"elementor-element elementor-element-72d3f55 elementor-widget elementor-widget-image\" data-id=\"72d3f55\" data-element_type=\"widget\" data-e-type=\"widget\" data-widget_type=\"image.default\">\n\t\t\t\t<div class=\"elementor-widget-container\">\n\t\t\t\t\t\t\t\t\t\t\t\t\t\t\t<img decoding=\"async\" width=\"1024\" height=\"768\" src=\"https:\/\/asiemut-paris.org\/wp-content\/uploads\/2022\/09\/IMG_7392-1024x768.jpg\" class=\"attachment-large size-large wp-image-2511\" alt=\"\" srcset=\"https:\/\/asiemut-paris.org\/wp-content\/uploads\/2022\/09\/IMG_7392-1024x768.jpg 1024w, https:\/\/asiemut-paris.org\/wp-content\/uploads\/2022\/09\/IMG_7392-300x225.jpg 300w, https:\/\/asiemut-paris.org\/wp-content\/uploads\/2022\/09\/IMG_7392-768x576.jpg 768w, https:\/\/asiemut-paris.org\/wp-content\/uploads\/2022\/09\/IMG_7392-1536x1152.jpg 1536w, https:\/\/asiemut-paris.org\/wp-content\/uploads\/2022\/09\/IMG_7392-2048x1536.jpg 2048w\" sizes=\"(max-width: 1024px) 100vw, 1024px\" \/>\t\t\t\t\t\t\t\t\t\t\t\t\t\t\t<\/div>\n\t\t\t\t<\/div>\n\t\t\t\t\t<\/div>\n\t\t<\/div>\n\t\t\t\t\t<\/div>\n\t\t<\/section>\n\t\t\t\t<section class=\"elementor-section elementor-top-section elementor-element elementor-element-6e82472 elementor-section-boxed elementor-section-height-default elementor-section-height-default\" data-id=\"6e82472\" data-element_type=\"section\" data-e-type=\"section\">\n\t\t\t\t\t\t<div class=\"elementor-container elementor-column-gap-default\">\n\t\t\t\t\t<div class=\"elementor-column elementor-col-100 elementor-top-column elementor-element elementor-element-e1038f8\" data-id=\"e1038f8\" data-element_type=\"column\" data-e-type=\"column\">\n\t\t\t<div class=\"elementor-widget-wrap elementor-element-populated\">\n\t\t\t\t\t\t<div class=\"elementor-element elementor-element-3b77d34 elementor-widget elementor-widget-heading\" data-id=\"3b77d34\" data-element_type=\"widget\" data-e-type=\"widget\" data-widget_type=\"heading.default\">\n\t\t\t\t<div class=\"elementor-widget-container\">\n\t\t\t\t\t<h2 class=\"elementor-heading-title elementor-size-default\"><h2>Contact<h2 \/><\/h2>\t\t\t\t<\/div>\n\t\t\t\t<\/div>\n\t\t\t\t<div class=\"elementor-element elementor-element-b1202bd elementor-widget elementor-widget-text-editor\" data-id=\"b1202bd\" data-element_type=\"widget\" data-e-type=\"widget\" data-widget_type=\"text-editor.default\">\n\t\t\t\t<div class=\"elementor-widget-container\">\n\t\t\t\t\t\t\t\t\t<p>Pour toute demande d\u2019information sur la Galerie, contactez-nous via ce formulaire\u00a0<\/p>\t\t\t\t\t\t\t\t<\/div>\n\t\t\t\t<\/div>\n\t\t\t\t\t<\/div>\n\t\t<\/div>\n\t\t\t\t\t<\/div>\n\t\t<\/section>\n\t\t\t\t<section class=\"elementor-section elementor-top-section elementor-element elementor-element-f2f2aa3 elementor-section-boxed elementor-section-height-default elementor-section-height-default\" data-id=\"f2f2aa3\" data-element_type=\"section\" data-e-type=\"section\">\n\t\t\t\t\t\t<div class=\"elementor-container elementor-column-gap-default\">\n\t\t\t\t\t<div class=\"elementor-column elementor-col-100 elementor-top-column elementor-element elementor-element-b293550\" data-id=\"b293550\" data-element_type=\"column\" data-e-type=\"column\">\n\t\t\t<div class=\"elementor-widget-wrap elementor-element-populated\">\n\t\t\t\t\t\t<section class=\"elementor-section elementor-inner-section elementor-element elementor-element-b7241d4 elementor-section-boxed elementor-section-height-default elementor-section-height-default\" data-id=\"b7241d4\" data-element_type=\"section\" data-e-type=\"section\" data-settings=\"{&quot;background_background&quot;:&quot;classic&quot;}\">\n\t\t\t\t\t\t<div class=\"elementor-container elementor-column-gap-default\">\n\t\t\t\t\t<div class=\"elementor-column elementor-col-100 elementor-inner-column elementor-element elementor-element-ba62914\" data-id=\"ba62914\" data-element_type=\"column\" data-e-type=\"column\">\n\t\t\t<div class=\"elementor-widget-wrap elementor-element-populated\">\n\t\t\t\t\t\t<div class=\"elementor-element elementor-element-fbba9cc elementor-widget elementor-widget-shortcode\" data-id=\"fbba9cc\" data-element_type=\"widget\" data-e-type=\"widget\" data-widget_type=\"shortcode.default\">\n\t\t\t\t<div class=\"elementor-widget-container\">\n\t\t\t\t\t\t\t<div class=\"elementor-shortcode\"><div class=\"wpforms-container wpforms-container-full\" id=\"wpforms-113\"><form id=\"wpforms-form-113\" class=\"wpforms-validate wpforms-form\" data-formid=\"113\" method=\"post\" enctype=\"multipart\/form-data\" action=\"\/index.php?rest_route=%2Fwp%2Fv2%2Fpages%2F103\" data-token=\"48331a3c19f199ecb5b8fb2f431a2dfe\" data-token-time=\"1777555610\"><noscript class=\"wpforms-error-noscript\">Veuillez activer JavaScript dans votre navigateur pour remplir ce formulaire.<\/noscript><div class=\"wpforms-field-container\"><div id=\"wpforms-113-field_0-container\" class=\"wpforms-field wpforms-field-name\" data-field-id=\"0\"><label class=\"wpforms-field-label\" for=\"wpforms-113-field_0\">Nom <span class=\"wpforms-required-label\">*<\/span><\/label><div class=\"wpforms-field-row wpforms-field-large\"><div class=\"wpforms-field-row-block wpforms-first wpforms-one-half\"><input type=\"text\" id=\"wpforms-113-field_0\" class=\"wpforms-field-name-first wpforms-field-required\" name=\"wpforms[fields][0][first]\" placeholder=\"Nom \" required><label for=\"wpforms-113-field_0\" class=\"wpforms-field-sublabel after wpforms-sublabel-hide\">Pr\u00e9nom<\/label><\/div><div class=\"wpforms-field-row-block wpforms-one-half\"><input type=\"text\" id=\"wpforms-113-field_0-last\" class=\"wpforms-field-name-last wpforms-field-required\" name=\"wpforms[fields][0][last]\" placeholder=\"Pr\u00e9nom\" required><label for=\"wpforms-113-field_0-last\" class=\"wpforms-field-sublabel after wpforms-sublabel-hide\">Nom<\/label><\/div><\/div><\/div><div id=\"wpforms-113-field_1-container\" class=\"wpforms-field wpforms-field-email\" data-field-id=\"1\"><label class=\"wpforms-field-label\" for=\"wpforms-113-field_1\">E-mail <span class=\"wpforms-required-label\">*<\/span><\/label><input type=\"email\" id=\"wpforms-113-field_1\" class=\"wpforms-field-large wpforms-field-required\" name=\"wpforms[fields][1]\" spellcheck=\"false\" required><\/div><div id=\"wpforms-113-field_2-container\" class=\"wpforms-field wpforms-field-textarea\" data-field-id=\"2\"><label class=\"wpforms-field-label wpforms-label-hide\" for=\"wpforms-113-field_2\">Commentaire ou message<\/label><textarea id=\"wpforms-113-field_2\" class=\"wpforms-field-medium\" name=\"wpforms[fields][2]\" ><\/textarea><\/div><div id=\"wpforms-113-field_3-container\" class=\"wpforms-field wpforms-field-checkbox\" data-field-id=\"3\"><label class=\"wpforms-field-label wpforms-label-hide\">choisx <span class=\"wpforms-required-label\">*<\/span><\/label><ul id=\"wpforms-113-field_3\" class=\"wpforms-field-required\"><li class=\"choice-3 depth-1\"><input type=\"checkbox\" id=\"wpforms-113-field_3_3\" name=\"wpforms[fields][3][]\" value=\"J\u2019autorise ASIEMUT \u00e0 me recontacter en utilisant les coordonn\u00e9es indiqu\u00e9es.\" required ><label class=\"wpforms-field-label-inline\" for=\"wpforms-113-field_3_3\">J\u2019autorise ASIEMUT \u00e0 me recontacter en utilisant les coordonn\u00e9es indiqu\u00e9es.<\/label><\/li><\/ul><\/div><\/div><!-- .wpforms-field-container --><div class=\"wpforms-field wpforms-field-hp\"><label for=\"wpforms-113-field-hp\" class=\"wpforms-field-label\">Name<\/label><input type=\"text\" name=\"wpforms[hp]\" id=\"wpforms-113-field-hp\" class=\"wpforms-field-medium\"><\/div><div class=\"wpforms-submit-container\" ><input type=\"hidden\" name=\"wpforms[id]\" value=\"113\"><input type=\"hidden\" name=\"page_title\" value=\"\"><input type=\"hidden\" name=\"page_url\" value=\"https:\/\/asiemut-paris.org\/index.php?rest_route=\/wp\/v2\/pages\/103\"><input type=\"hidden\" name=\"url_referer\" value=\"\"><button type=\"submit\" name=\"wpforms[submit]\" id=\"wpforms-submit-113\" class=\"wpforms-submit btn\" data-alt-text=\"Sending...\" data-submit-text=\"Envoyer\" aria-live=\"assertive\" value=\"wpforms-submit\">Envoyer<\/button><\/div><\/form><\/div>  <!-- .wpforms-container --><\/div>\n\t\t\t\t\t\t<\/div>\n\t\t\t\t<\/div>\n\t\t\t\t\t<\/div>\n\t\t<\/div>\n\t\t\t\t\t<\/div>\n\t\t<\/section>\n\t\t\t\t\t<\/div>\n\t\t<\/div>\n\t\t\t\t\t<\/div>\n\t\t<\/section>\n\t\t\t\t<\/div>\n\t\t","protected":false},"excerpt":{"rendered":"<p>La Galerie Nous avons cr\u00e9\u00e9 la galerie de rue d\u2019ASIEMUT en 2018, avec la volont\u00e9 de mettre en place un lieu d\u2019\u00e9change culturel franco-asiatique, en plein c\u0153ur du quartier Belleville. Ce projet se situe dans le prolongement de nos actions en faveur des migrants asiatiques par la promotion d\u2019initiatives culturelles mais a \u00e9galement \u00e0 c\u0153ur [&hellip;]<\/p>\n","protected":false},"author":2,"featured_media":0,"parent":0,"menu_order":3,"comment_status":"closed","ping_status":"closed","template":"elementor_header_footer","meta":{"_monsterinsights_skip_tracking":false,"_monsterinsights_sitenote_active":false,"_monsterinsights_sitenote_note":"","_monsterinsights_sitenote_category":0,"footnotes":""},"class_list":["post-103","page","type-page","status-publish","hentry"],"_links":{"self":[{"href":"https:\/\/asiemut-paris.org\/index.php?rest_route=\/wp\/v2\/pages\/103","targetHints":{"allow":["GET"]}}],"collection":[{"href":"https:\/\/asiemut-paris.org\/index.php?rest_route=\/wp\/v2\/pages"}],"about":[{"href":"https:\/\/asiemut-paris.org\/index.php?rest_route=\/wp\/v2\/types\/page"}],"author":[{"embeddable":true,"href":"https:\/\/asiemut-paris.org\/index.php?rest_route=\/wp\/v2\/users\/2"}],"replies":[{"embeddable":true,"href":"https:\/\/asiemut-paris.org\/index.php?rest_route=%2Fwp%2Fv2%2Fcomments&post=103"}],"version-history":[{"count":355,"href":"https:\/\/asiemut-paris.org\/index.php?rest_route=\/wp\/v2\/pages\/103\/revisions"}],"predecessor-version":[{"id":3489,"href":"https:\/\/asiemut-paris.org\/index.php?rest_route=\/wp\/v2\/pages\/103\/revisions\/3489"}],"wp:attachment":[{"href":"https:\/\/asiemut-paris.org\/index.php?rest_route=%2Fwp%2Fv2%2Fmedia&parent=103"}],"curies":[{"name":"wp","href":"https:\/\/api.w.org\/{rel}","templated":true}]}}